{"id":2753,"date":"2022-06-14T13:46:14","date_gmt":"2022-06-14T11:46:14","guid":{"rendered":"https:\/\/hoffmansantikhandel.se\/ueber\/"},"modified":"2025-08-18T13:25:35","modified_gmt":"2025-08-18T11:25:35","slug":"ueber","status":"publish","type":"page","link":"https:\/\/hoffmansantikhandel.se\/de\/ueber\/","title":{"rendered":"\u00dcber"},"content":{"rendered":"\t\t<div data-elementor-type=\"wp-page\" data-elementor-id=\"2753\" class=\"elementor elementor-2753 elementor-528\" data-elementor-post-type=\"page\">\n\t\t\t\t\t\t<section class=\"elementor-section elementor-top-section elementor-element elementor-element-84e41ba elementor-section-boxed elementor-section-height-default elementor-section-height-default\" data-id=\"84e41ba\" data-element_type=\"section\" data-e-type=\"section\" data-settings=\"{&quot;jet_parallax_layout_list&quot;:[]}\">\n\t\t\t\t\t\t<div class=\"elementor-container elementor-column-gap-default\">\n\t\t\t\t\t<div class=\"elementor-column elementor-col-100 elementor-top-column elementor-element elementor-element-9c8b9d3\" data-id=\"9c8b9d3\" data-element_type=\"column\" data-e-type=\"column\">\n\t\t\t<div class=\"elementor-widget-wrap elementor-element-populated\">\n\t\t\t\t\t\t<div class=\"elementor-element elementor-element-d792ebf elementor-widget-divider--view-line_text elementor-widget-divider--element-align-center elementor-widget elementor-widget-divider\" data-id=\"d792ebf\" data-element_type=\"widget\" data-e-type=\"widget\" data-widget_type=\"divider.default\">\n\t\t\t\t<div class=\"elementor-widget-container\">\n\t\t\t\t\t\t\t<div class=\"elementor-divider\">\n\t\t\t<span class=\"elementor-divider-separator\">\n\t\t\t\t\t\t\t<span class=\"elementor-divider__text elementor-divider__element\">\n\t\t\t\t\u00dcber\t\t\t\t<\/span>\n\t\t\t\t\t\t<\/span>\n\t\t<\/div>\n\t\t\t\t\t\t<\/div>\n\t\t\t\t<\/div>\n\t\t\t\t\t<\/div>\n\t\t<\/div>\n\t\t\t\t\t<\/div>\n\t\t<\/section>\n\t\t\t\t<section class=\"elementor-section elementor-top-section elementor-element elementor-element-716b1eb elementor-section-boxed elementor-section-height-default elementor-section-height-default\" data-id=\"716b1eb\" data-element_type=\"section\" data-e-type=\"section\" data-settings=\"{&quot;jet_parallax_layout_list&quot;:[]}\">\n\t\t\t\t\t\t<div class=\"elementor-container elementor-column-gap-default\">\n\t\t\t\t\t<div class=\"elementor-column elementor-col-50 elementor-top-column elementor-element elementor-element-a259722\" data-id=\"a259722\" data-element_type=\"column\" data-e-type=\"column\">\n\t\t\t<div class=\"elementor-widget-wrap elementor-element-populated\">\n\t\t\t\t\t\t<div class=\"elementor-element elementor-element-ebd4e17 elementor-invisible elementor-widget elementor-widget-image\" data-id=\"ebd4e17\" data-element_type=\"widget\" data-e-type=\"widget\" data-settings=\"{&quot;_animation&quot;:&quot;fadeInDown&quot;}\" data-widget_type=\"image.default\">\n\t\t\t\t<div class=\"elementor-widget-container\">\n\t\t\t\t\t\t\t\t\t\t\t\t\t\t\t<img fetchpriority=\"high\" decoding=\"async\" width=\"800\" height=\"545\" src=\"https:\/\/hoffmansantikhandel.se\/wp-content\/uploads\/2025\/08\/hoff-1024x698.jpg\" class=\"attachment-large size-large wp-image-2762\" alt=\"\" srcset=\"https:\/\/hoffmansantikhandel.se\/wp-content\/uploads\/2025\/08\/hoff-1024x698.jpg 1024w, https:\/\/hoffmansantikhandel.se\/wp-content\/uploads\/2025\/08\/hoff-300x205.jpg 300w, https:\/\/hoffmansantikhandel.se\/wp-content\/uploads\/2025\/08\/hoff-768x524.jpg 768w, https:\/\/hoffmansantikhandel.se\/wp-content\/uploads\/2025\/08\/hoff-1536x1047.jpg 1536w, https:\/\/hoffmansantikhandel.se\/wp-content\/uploads\/2025\/08\/hoff.jpg 1920w\" sizes=\"(max-width: 800px) 100vw, 800px\" \/>\t\t\t\t\t\t\t\t\t\t\t\t\t\t\t<\/div>\n\t\t\t\t<\/div>\n\t\t\t\t<div class=\"elementor-element elementor-element-c914886 elementor-widget__width-initial elementor-invisible elementor-widget elementor-widget-text-editor\" data-id=\"c914886\" data-element_type=\"widget\" data-e-type=\"widget\" data-settings=\"{&quot;_animation&quot;:&quot;fadeInUp&quot;}\" data-widget_type=\"text-editor.default\">\n\t\t\t\t<div class=\"elementor-widget-container\">\n\t\t\t\t\t\t\t\t\t<p><span style=\"font-kerning: none;\">Seit 1998 widmet sich Hoffmans Antiquit\u00e4ten und Kunstwerken von h\u00f6chstem Niveau, angetrieben von Leidenschaft und kompromissloser Qualit\u00e4t. Wir haben uns auf M\u00f6bel, Kronleuchter und dekorative Kunst spezialisiert &#8211; jedes St\u00fcck wird sorgf\u00e4ltig nach seiner Authentizit\u00e4t, Sch\u00f6nheit und Geschichte ausgew\u00e4hlt. &nbsp;<\/span><\/p>\n<p><span style=\"font-kerning: none;\">Neben dem Verkauf \u00fcbernehmen wir auch Einrichtungsprojekte und helfen unseren Kunden, Umgebungen zu schaffen, die von Harmonie und zeitloser Eleganz gepr\u00e4gt sind.<\/span><\/p>\n<div><span style=\"font-kerning: none;\">Unsere Galerie in der Olivecronasv\u00e4g 4 in Stockholm empf\u00e4ngt Sie in einem warmen und inspirierenden Ambiente von Dienstag bis Freitag von 12.00 bis 18.00 Uhr oder nach Vereinbarung f\u00fcr private Besichtigungen.<\/span><\/div>\n<div><span style=\"font-kerning: none;\">&nbsp;<\/span><\/div>\n<p>Durch unsere Pr\u00e4senz auf bedeutenden internationalen und schwedischen Messen sind wir in der Lage, eine kuratierte Kollektion von au\u00dfergew\u00f6hnlichen St\u00fccken anzubieten. Die auf unserer Website gezeigten Objekte stellen nur eine Auswahl aus unserem st\u00e4ndig aktualisierten Bestand dar. <\/p>\t\t\t\t\t\t\t\t<\/div>\n\t\t\t\t<\/div>\n\t\t\t\t<div class=\"elementor-element elementor-element-dbe624b elementor-widget elementor-widget-spacer\" data-id=\"dbe624b\" data-element_type=\"widget\" data-e-type=\"widget\" data-widget_type=\"spacer.default\">\n\t\t\t\t<div class=\"elementor-widget-container\">\n\t\t\t\t\t\t\t<div class=\"elementor-spacer\">\n\t\t\t<div class=\"elementor-spacer-inner\"><\/div>\n\t\t<\/div>\n\t\t\t\t\t\t<\/div>\n\t\t\t\t<\/div>\n\t\t\t\t\t<\/div>\n\t\t<\/div>\n\t\t\t\t<div class=\"elementor-column elementor-col-50 elementor-top-column elementor-element elementor-element-086eb77\" data-id=\"086eb77\" data-element_type=\"column\" data-e-type=\"column\">\n\t\t\t<div class=\"elementor-widget-wrap elementor-element-populated\">\n\t\t\t\t\t\t<div class=\"elementor-element elementor-element-cf4de66 elementor-invisible elementor-widget elementor-widget-google_maps\" data-id=\"cf4de66\" data-element_type=\"widget\" data-e-type=\"widget\" data-settings=\"{&quot;_animation&quot;:&quot;zoomIn&quot;}\" data-widget_type=\"google_maps.default\">\n\t\t\t\t<div class=\"elementor-widget-container\">\n\t\t\t\t\t\t\t<div class=\"elementor-custom-embed\">\n\t\t\t<iframe loading=\"lazy\"\n\t\t\t\t\tsrc=\"https:\/\/maps.google.com\/maps?q=Olivecronas%20v%C3%A4g%204&#038;t=m&#038;z=13&#038;output=embed&#038;iwloc=near\"\n\t\t\t\t\ttitle=\"Olivecronas v\u00e4g 4\"\n\t\t\t\t\taria-label=\"Olivecronas v\u00e4g 4\"\n\t\t\t><\/iframe>\n\t\t<\/div>\n\t\t\t\t\t\t<\/div>\n\t\t\t\t<\/div>\n\t\t\t\t<div class=\"elementor-element elementor-element-8c50a25 elementor-invisible elementor-widget elementor-widget-heading\" data-id=\"8c50a25\" data-element_type=\"widget\" data-e-type=\"widget\" data-settings=\"{&quot;_animation&quot;:&quot;fadeInUp&quot;}\" data-widget_type=\"heading.default\">\n\t\t\t\t<div class=\"elementor-widget-container\">\n\t\t\t\t\t<h2 class=\"elementor-heading-title elementor-size-default\">Kontakt<\/h2>\t\t\t\t<\/div>\n\t\t\t\t<\/div>\n\t\t\t\t<div class=\"elementor-element elementor-element-3b8cb63 elementor-invisible elementor-widget elementor-widget-text-editor\" data-id=\"3b8cb63\" data-element_type=\"widget\" data-e-type=\"widget\" data-settings=\"{&quot;_animation&quot;:&quot;fadeInRight&quot;}\" data-widget_type=\"text-editor.default\">\n\t\t\t\t<div class=\"elementor-widget-container\">\n\t\t\t\t\t\t\t\t\t<div class=\"col-xs-12 col-sm-6 col-md-6 col-lg-6 address_con\"><p>Olivecronas v\u00e4g 4<br>113 61 Stockholm Schweden<br>+46 &#8211; 707 22 98 20<\/p><\/div>\t\t\t\t\t\t\t\t<\/div>\n\t\t\t\t<\/div>\n\t\t\t\t<div class=\"elementor-element elementor-element-b0333a3 elementor-invisible elementor-widget elementor-widget-heading\" data-id=\"b0333a3\" data-element_type=\"widget\" data-e-type=\"widget\" data-settings=\"{&quot;_animation&quot;:&quot;fadeInUp&quot;}\" data-widget_type=\"heading.default\">\n\t\t\t\t<div class=\"elementor-widget-container\">\n\t\t\t\t\t<h2 class=\"elementor-heading-title elementor-size-default\">Die \u00d6ffnungszeiten<\/h2>\t\t\t\t<\/div>\n\t\t\t\t<\/div>\n\t\t\t\t<div class=\"elementor-element elementor-element-d617934 elementor-invisible elementor-widget elementor-widget-text-editor\" data-id=\"d617934\" data-element_type=\"widget\" data-e-type=\"widget\" data-settings=\"{&quot;_animation&quot;:&quot;fadeInRight&quot;}\" data-widget_type=\"text-editor.default\">\n\t\t\t\t<div class=\"elementor-widget-container\">\n\t\t\t\t\t\t\t\t\t<div class=\"col-xs-12 col-sm-6 col-md-6 col-lg-6 address_con\"><p>Montag: Geschlossen<\/p><p>Dienstag &#8211; Freitag: 12:00-18:00<\/p><p> <\/p><\/div>\t\t\t\t\t\t\t\t<\/div>\n\t\t\t\t<\/div>\n\t\t\t\t\t<\/div>\n\t\t<\/div>\n\t\t\t\t\t<\/div>\n\t\t<\/section>\n\t\t\t\t<\/div>\n\t\t","protected":false},"excerpt":{"rendered":"<p>\u00dcber Seit 1998 widmet sich Hoffmans Antiquit\u00e4ten und Kunstwerken von h\u00f6chstem Niveau, angetrieben von Leidenschaft und kompromissloser Qualit\u00e4t. Wir haben uns auf M\u00f6bel, Kronleuchter und dekorative Kunst spezialisiert &#8211; jedes St\u00fcck wird sorgf\u00e4ltig nach seiner Authentizit\u00e4t, Sch\u00f6nheit und Geschichte ausgew\u00e4hlt. &nbsp; Neben dem Verkauf \u00fcbernehmen wir auch Einrichtungsprojekte und helfen unseren Kunden, Umgebungen zu schaffen, [&hellip;]<\/p>\n","protected":false},"author":1,"featured_media":0,"parent":0,"menu_order":0,"comment_status":"closed","ping_status":"closed","template":"elementor_header_footer","meta":{"footnotes":""},"class_list":["post-2753","page","type-page","status-publish","hentry"],"yoast_head":"<!-- This site is optimized with the Yoast SEO plugin v27.4 - https:\/\/yoast.com\/product\/yoast-seo-wordpress\/ -->\n<title>\u00dcber - Hoffmans<\/title>\n<meta name=\"robots\" content=\"index, follow, max-snippet:-1, max-image-preview:large, max-video-preview:-1\" \/>\n<link rel=\"canonical\" href=\"https:\/\/hoffmansantikhandel.se\/de\/ueber\/\" \/>\n<meta property=\"og:locale\" content=\"de_DE\" \/>\n<meta property=\"og:type\" content=\"article\" \/>\n<meta property=\"og:title\" content=\"\u00dcber - Hoffmans\" \/>\n<meta property=\"og:description\" content=\"\u00dcber Seit 1998 widmet sich Hoffmans Antiquit\u00e4ten und Kunstwerken von h\u00f6chstem Niveau, angetrieben von Leidenschaft und kompromissloser Qualit\u00e4t. Wir haben uns auf M\u00f6bel, Kronleuchter und dekorative Kunst spezialisiert &#8211; jedes St\u00fcck wird sorgf\u00e4ltig nach seiner Authentizit\u00e4t, Sch\u00f6nheit und Geschichte ausgew\u00e4hlt. &nbsp; Neben dem Verkauf \u00fcbernehmen wir auch Einrichtungsprojekte und helfen unseren Kunden, Umgebungen zu schaffen, [&hellip;]\" \/>\n<meta property=\"og:url\" content=\"https:\/\/hoffmansantikhandel.se\/de\/ueber\/\" \/>\n<meta property=\"og:site_name\" content=\"Hoffmans\" \/>\n<meta property=\"article:modified_time\" content=\"2025-08-18T11:25:35+00:00\" \/>\n<meta property=\"og:image\" content=\"https:\/\/hoffmansantikhandel.se\/wp-content\/uploads\/2025\/08\/hoff.jpg\" \/>\n\t<meta property=\"og:image:width\" content=\"1920\" \/>\n\t<meta property=\"og:image:height\" content=\"1309\" \/>\n\t<meta property=\"og:image:type\" content=\"image\/jpeg\" \/>\n<meta name=\"twitter:card\" content=\"summary_large_image\" \/>\n<meta name=\"twitter:label1\" content=\"Gesch\u00e4tzte Lesezeit\" \/>\n\t<meta name=\"twitter:data1\" content=\"1\u00a0Minute\" \/>\n<script type=\"application\/ld+json\" class=\"yoast-schema-graph\">{\"@context\":\"https:\\\/\\\/schema.org\",\"@graph\":[{\"@type\":\"WebPage\",\"@id\":\"https:\\\/\\\/hoffmansantikhandel.se\\\/de\\\/ueber\\\/\",\"url\":\"https:\\\/\\\/hoffmansantikhandel.se\\\/de\\\/ueber\\\/\",\"name\":\"\u00dcber - Hoffmans\",\"isPartOf\":{\"@id\":\"https:\\\/\\\/hoffmansantikhandel.se\\\/de\\\/#website\"},\"primaryImageOfPage\":{\"@id\":\"https:\\\/\\\/hoffmansantikhandel.se\\\/de\\\/ueber\\\/#primaryimage\"},\"image\":{\"@id\":\"https:\\\/\\\/hoffmansantikhandel.se\\\/de\\\/ueber\\\/#primaryimage\"},\"thumbnailUrl\":\"https:\\\/\\\/hoffmansantikhandel.se\\\/wp-content\\\/uploads\\\/2025\\\/08\\\/hoff-1024x698.jpg\",\"datePublished\":\"2022-06-14T11:46:14+00:00\",\"dateModified\":\"2025-08-18T11:25:35+00:00\",\"breadcrumb\":{\"@id\":\"https:\\\/\\\/hoffmansantikhandel.se\\\/de\\\/ueber\\\/#breadcrumb\"},\"inLanguage\":\"de\",\"potentialAction\":[{\"@type\":\"ReadAction\",\"target\":[\"https:\\\/\\\/hoffmansantikhandel.se\\\/de\\\/ueber\\\/\"]}]},{\"@type\":\"ImageObject\",\"inLanguage\":\"de\",\"@id\":\"https:\\\/\\\/hoffmansantikhandel.se\\\/de\\\/ueber\\\/#primaryimage\",\"url\":\"https:\\\/\\\/hoffmansantikhandel.se\\\/wp-content\\\/uploads\\\/2025\\\/08\\\/hoff-1024x698.jpg\",\"contentUrl\":\"https:\\\/\\\/hoffmansantikhandel.se\\\/wp-content\\\/uploads\\\/2025\\\/08\\\/hoff-1024x698.jpg\"},{\"@type\":\"BreadcrumbList\",\"@id\":\"https:\\\/\\\/hoffmansantikhandel.se\\\/de\\\/ueber\\\/#breadcrumb\",\"itemListElement\":[{\"@type\":\"ListItem\",\"position\":1,\"name\":\"Home\",\"item\":\"https:\\\/\\\/hoffmansantikhandel.se\\\/de\\\/startseite\\\/\"},{\"@type\":\"ListItem\",\"position\":2,\"name\":\"\u00dcber\"}]},{\"@type\":\"WebSite\",\"@id\":\"https:\\\/\\\/hoffmansantikhandel.se\\\/de\\\/#website\",\"url\":\"https:\\\/\\\/hoffmansantikhandel.se\\\/de\\\/\",\"name\":\"Hoffmans\",\"description\":\"Antikhandel\",\"publisher\":{\"@id\":\"https:\\\/\\\/hoffmansantikhandel.se\\\/de\\\/#organization\"},\"potentialAction\":[{\"@type\":\"SearchAction\",\"target\":{\"@type\":\"EntryPoint\",\"urlTemplate\":\"https:\\\/\\\/hoffmansantikhandel.se\\\/de\\\/?s={search_term_string}\"},\"query-input\":{\"@type\":\"PropertyValueSpecification\",\"valueRequired\":true,\"valueName\":\"search_term_string\"}}],\"inLanguage\":\"de\"},{\"@type\":\"Organization\",\"@id\":\"https:\\\/\\\/hoffmansantikhandel.se\\\/de\\\/#organization\",\"name\":\"Hoffmans Antikhandel\",\"url\":\"https:\\\/\\\/hoffmansantikhandel.se\\\/de\\\/\",\"logo\":{\"@type\":\"ImageObject\",\"inLanguage\":\"de\",\"@id\":\"https:\\\/\\\/hoffmansantikhandel.se\\\/de\\\/#\\\/schema\\\/logo\\\/image\\\/\",\"url\":\"https:\\\/\\\/hoffmansantikhandel.se\\\/wp-content\\\/uploads\\\/2022\\\/06\\\/hoffmans.svg\",\"contentUrl\":\"https:\\\/\\\/hoffmansantikhandel.se\\\/wp-content\\\/uploads\\\/2022\\\/06\\\/hoffmans.svg\",\"width\":753.5,\"height\":82.5,\"caption\":\"Hoffmans Antikhandel\"},\"image\":{\"@id\":\"https:\\\/\\\/hoffmansantikhandel.se\\\/de\\\/#\\\/schema\\\/logo\\\/image\\\/\"}}]}<\/script>\n<!-- \/ Yoast SEO plugin. -->","yoast_head_json":{"title":"\u00dcber - Hoffmans","robots":{"index":"index","follow":"follow","max-snippet":"max-snippet:-1","max-image-preview":"max-image-preview:large","max-video-preview":"max-video-preview:-1"},"canonical":"https:\/\/hoffmansantikhandel.se\/de\/ueber\/","og_locale":"de_DE","og_type":"article","og_title":"\u00dcber - Hoffmans","og_description":"\u00dcber Seit 1998 widmet sich Hoffmans Antiquit\u00e4ten und Kunstwerken von h\u00f6chstem Niveau, angetrieben von Leidenschaft und kompromissloser Qualit\u00e4t. Wir haben uns auf M\u00f6bel, Kronleuchter und dekorative Kunst spezialisiert &#8211; jedes St\u00fcck wird sorgf\u00e4ltig nach seiner Authentizit\u00e4t, Sch\u00f6nheit und Geschichte ausgew\u00e4hlt. &nbsp; Neben dem Verkauf \u00fcbernehmen wir auch Einrichtungsprojekte und helfen unseren Kunden, Umgebungen zu schaffen, [&hellip;]","og_url":"https:\/\/hoffmansantikhandel.se\/de\/ueber\/","og_site_name":"Hoffmans","article_modified_time":"2025-08-18T11:25:35+00:00","og_image":[{"width":1920,"height":1309,"url":"https:\/\/hoffmansantikhandel.se\/wp-content\/uploads\/2025\/08\/hoff.jpg","type":"image\/jpeg"}],"twitter_card":"summary_large_image","twitter_misc":{"Gesch\u00e4tzte Lesezeit":"1\u00a0Minute"},"schema":{"@context":"https:\/\/schema.org","@graph":[{"@type":"WebPage","@id":"https:\/\/hoffmansantikhandel.se\/de\/ueber\/","url":"https:\/\/hoffmansantikhandel.se\/de\/ueber\/","name":"\u00dcber - Hoffmans","isPartOf":{"@id":"https:\/\/hoffmansantikhandel.se\/de\/#website"},"primaryImageOfPage":{"@id":"https:\/\/hoffmansantikhandel.se\/de\/ueber\/#primaryimage"},"image":{"@id":"https:\/\/hoffmansantikhandel.se\/de\/ueber\/#primaryimage"},"thumbnailUrl":"https:\/\/hoffmansantikhandel.se\/wp-content\/uploads\/2025\/08\/hoff-1024x698.jpg","datePublished":"2022-06-14T11:46:14+00:00","dateModified":"2025-08-18T11:25:35+00:00","breadcrumb":{"@id":"https:\/\/hoffmansantikhandel.se\/de\/ueber\/#breadcrumb"},"inLanguage":"de","potentialAction":[{"@type":"ReadAction","target":["https:\/\/hoffmansantikhandel.se\/de\/ueber\/"]}]},{"@type":"ImageObject","inLanguage":"de","@id":"https:\/\/hoffmansantikhandel.se\/de\/ueber\/#primaryimage","url":"https:\/\/hoffmansantikhandel.se\/wp-content\/uploads\/2025\/08\/hoff-1024x698.jpg","contentUrl":"https:\/\/hoffmansantikhandel.se\/wp-content\/uploads\/2025\/08\/hoff-1024x698.jpg"},{"@type":"BreadcrumbList","@id":"https:\/\/hoffmansantikhandel.se\/de\/ueber\/#breadcrumb","itemListElement":[{"@type":"ListItem","position":1,"name":"Home","item":"https:\/\/hoffmansantikhandel.se\/de\/startseite\/"},{"@type":"ListItem","position":2,"name":"\u00dcber"}]},{"@type":"WebSite","@id":"https:\/\/hoffmansantikhandel.se\/de\/#website","url":"https:\/\/hoffmansantikhandel.se\/de\/","name":"Hoffmans","description":"Antikhandel","publisher":{"@id":"https:\/\/hoffmansantikhandel.se\/de\/#organization"},"potentialAction":[{"@type":"SearchAction","target":{"@type":"EntryPoint","urlTemplate":"https:\/\/hoffmansantikhandel.se\/de\/?s={search_term_string}"},"query-input":{"@type":"PropertyValueSpecification","valueRequired":true,"valueName":"search_term_string"}}],"inLanguage":"de"},{"@type":"Organization","@id":"https:\/\/hoffmansantikhandel.se\/de\/#organization","name":"Hoffmans Antikhandel","url":"https:\/\/hoffmansantikhandel.se\/de\/","logo":{"@type":"ImageObject","inLanguage":"de","@id":"https:\/\/hoffmansantikhandel.se\/de\/#\/schema\/logo\/image\/","url":"https:\/\/hoffmansantikhandel.se\/wp-content\/uploads\/2022\/06\/hoffmans.svg","contentUrl":"https:\/\/hoffmansantikhandel.se\/wp-content\/uploads\/2022\/06\/hoffmans.svg","width":753.5,"height":82.5,"caption":"Hoffmans Antikhandel"},"image":{"@id":"https:\/\/hoffmansantikhandel.se\/de\/#\/schema\/logo\/image\/"}}]}},"_links":{"self":[{"href":"https:\/\/hoffmansantikhandel.se\/de\/wp-json\/wp\/v2\/pages\/2753","targetHints":{"allow":["GET"]}}],"collection":[{"href":"https:\/\/hoffmansantikhandel.se\/de\/wp-json\/wp\/v2\/pages"}],"about":[{"href":"https:\/\/hoffmansantikhandel.se\/de\/wp-json\/wp\/v2\/types\/page"}],"author":[{"embeddable":true,"href":"https:\/\/hoffmansantikhandel.se\/de\/wp-json\/wp\/v2\/users\/1"}],"replies":[{"embeddable":true,"href":"https:\/\/hoffmansantikhandel.se\/de\/wp-json\/wp\/v2\/comments?post=2753"}],"version-history":[{"count":1,"href":"https:\/\/hoffmansantikhandel.se\/de\/wp-json\/wp\/v2\/pages\/2753\/revisions"}],"predecessor-version":[{"id":2763,"href":"https:\/\/hoffmansantikhandel.se\/de\/wp-json\/wp\/v2\/pages\/2753\/revisions\/2763"}],"wp:attachment":[{"href":"https:\/\/hoffmansantikhandel.se\/de\/wp-json\/wp\/v2\/media?parent=2753"}],"curies":[{"name":"wp","href":"https:\/\/api.w.org\/{rel}","templated":true}]}}