{"id":2554,"date":"2022-06-14T13:46:14","date_gmt":"2022-06-14T11:46:14","guid":{"rendered":"https:\/\/hoffmansantikhandel.se\/a-propos-de\/"},"modified":"2025-08-15T11:37:31","modified_gmt":"2025-08-15T09:37:31","slug":"a-propos-de","status":"publish","type":"page","link":"https:\/\/hoffmansantikhandel.se\/fr\/a-propos-de\/","title":{"rendered":"A propos de"},"content":{"rendered":"\t\t<div data-elementor-type=\"wp-page\" data-elementor-id=\"2554\" class=\"elementor elementor-2554 elementor-528\" data-elementor-post-type=\"page\">\n\t\t\t\t\t\t<section class=\"elementor-section elementor-top-section elementor-element elementor-element-84e41ba elementor-section-boxed elementor-section-height-default elementor-section-height-default\" data-id=\"84e41ba\" data-element_type=\"section\" data-e-type=\"section\" data-settings=\"{&quot;jet_parallax_layout_list&quot;:[]}\">\n\t\t\t\t\t\t<div class=\"elementor-container elementor-column-gap-default\">\n\t\t\t\t\t<div class=\"elementor-column elementor-col-100 elementor-top-column elementor-element elementor-element-9c8b9d3\" data-id=\"9c8b9d3\" data-element_type=\"column\" data-e-type=\"column\">\n\t\t\t<div class=\"elementor-widget-wrap elementor-element-populated\">\n\t\t\t\t\t\t<div class=\"elementor-element elementor-element-d792ebf elementor-widget-divider--view-line_text elementor-widget-divider--element-align-center elementor-widget elementor-widget-divider\" data-id=\"d792ebf\" data-element_type=\"widget\" data-e-type=\"widget\" data-widget_type=\"divider.default\">\n\t\t\t\t<div class=\"elementor-widget-container\">\n\t\t\t\t\t\t\t<div class=\"elementor-divider\">\n\t\t\t<span class=\"elementor-divider-separator\">\n\t\t\t\t\t\t\t<span class=\"elementor-divider__text elementor-divider__element\">\n\t\t\t\tA propos de\t\t\t\t<\/span>\n\t\t\t\t\t\t<\/span>\n\t\t<\/div>\n\t\t\t\t\t\t<\/div>\n\t\t\t\t<\/div>\n\t\t\t\t\t<\/div>\n\t\t<\/div>\n\t\t\t\t\t<\/div>\n\t\t<\/section>\n\t\t\t\t<section class=\"elementor-section elementor-top-section elementor-element elementor-element-716b1eb elementor-section-boxed elementor-section-height-default elementor-section-height-default\" data-id=\"716b1eb\" data-element_type=\"section\" data-e-type=\"section\" data-settings=\"{&quot;jet_parallax_layout_list&quot;:[]}\">\n\t\t\t\t\t\t<div class=\"elementor-container elementor-column-gap-default\">\n\t\t\t\t\t<div class=\"elementor-column elementor-col-50 elementor-top-column elementor-element elementor-element-a259722\" data-id=\"a259722\" data-element_type=\"column\" data-e-type=\"column\">\n\t\t\t<div class=\"elementor-widget-wrap elementor-element-populated\">\n\t\t\t\t\t\t<div class=\"elementor-element elementor-element-ebd4e17 elementor-invisible elementor-widget elementor-widget-image\" data-id=\"ebd4e17\" data-element_type=\"widget\" data-e-type=\"widget\" data-settings=\"{&quot;_animation&quot;:&quot;fadeInDown&quot;}\" data-widget_type=\"image.default\">\n\t\t\t\t<div class=\"elementor-widget-container\">\n\t\t\t\t\t\t\t\t\t\t\t\t\t\t\t<img fetchpriority=\"high\" decoding=\"async\" width=\"800\" height=\"545\" src=\"https:\/\/hoffmansantikhandel.se\/wp-content\/uploads\/2025\/08\/hoff-1024x698.jpg\" class=\"attachment-large size-large wp-image-2549\" alt=\"\" srcset=\"https:\/\/hoffmansantikhandel.se\/wp-content\/uploads\/2025\/08\/hoff-1024x698.jpg 1024w, https:\/\/hoffmansantikhandel.se\/wp-content\/uploads\/2025\/08\/hoff-300x205.jpg 300w, https:\/\/hoffmansantikhandel.se\/wp-content\/uploads\/2025\/08\/hoff-768x524.jpg 768w, https:\/\/hoffmansantikhandel.se\/wp-content\/uploads\/2025\/08\/hoff-1536x1047.jpg 1536w, https:\/\/hoffmansantikhandel.se\/wp-content\/uploads\/2025\/08\/hoff.jpg 1920w\" sizes=\"(max-width: 800px) 100vw, 800px\" \/>\t\t\t\t\t\t\t\t\t\t\t\t\t\t\t<\/div>\n\t\t\t\t<\/div>\n\t\t\t\t<div class=\"elementor-element elementor-element-c914886 elementor-widget__width-initial elementor-invisible elementor-widget elementor-widget-text-editor\" data-id=\"c914886\" data-element_type=\"widget\" data-e-type=\"widget\" data-settings=\"{&quot;_animation&quot;:&quot;fadeInUp&quot;}\" data-widget_type=\"text-editor.default\">\n\t\t\t\t<div class=\"elementor-widget-container\">\n\t\t\t\t\t\t\t\t\t<p><span style=\"font-kerning: none;\">Depuis 1998, Hoffmans se consacre aux antiquit\u00e9s et aux \u0153uvres d&rsquo;art du plus haut niveau, anim\u00e9 par la passion et la qualit\u00e9 sans compromis. Nous sommes sp\u00e9cialis\u00e9s dans le mobilier, les lustres et les arts d\u00e9coratifs, chaque pi\u00e8ce \u00e9tant soigneusement s\u00e9lectionn\u00e9e pour son authenticit\u00e9, sa beaut\u00e9 et son histoire. &nbsp;<\/span><\/p>\n<p><span style=\"font-kerning: none;\">Outre la vente, nous r\u00e9alisons \u00e9galement des projets d&rsquo;architecture d&rsquo;int\u00e9rieur en aidant nos clients \u00e0 cr\u00e9er des environnements d\u00e9finis par l&rsquo;harmonie et l&rsquo;\u00e9l\u00e9gance intemporelle.<\/span><\/p>\n<div><span style=\"font-kerning: none;\">Notre galerie, situ\u00e9e \u00e0 Olivecronasv\u00e4g 4 \u00e0 Stockholm, vous accueille dans un cadre chaleureux et inspirant du mardi au vendredi, de 12h00 \u00e0 18h00, ou sur rendez-vous pour des visites priv\u00e9es.<\/span><\/div>\n<div><span style=\"font-kerning: none;\">&nbsp;<\/span><\/div>\n<p>Gr\u00e2ce \u00e0 notre pr\u00e9sence dans des foires importantes, tant au niveau international qu&rsquo;en Su\u00e8de, nous sommes en mesure d&rsquo;offrir une collection de pi\u00e8ces exceptionnelles. Les objets pr\u00e9sent\u00e9s sur notre site web ne repr\u00e9sentent qu&rsquo;une s\u00e9lection de notre inventaire constamment mis \u00e0 jour. <\/p>\t\t\t\t\t\t\t\t<\/div>\n\t\t\t\t<\/div>\n\t\t\t\t<div class=\"elementor-element elementor-element-dbe624b elementor-widget elementor-widget-spacer\" data-id=\"dbe624b\" data-element_type=\"widget\" data-e-type=\"widget\" data-widget_type=\"spacer.default\">\n\t\t\t\t<div class=\"elementor-widget-container\">\n\t\t\t\t\t\t\t<div class=\"elementor-spacer\">\n\t\t\t<div class=\"elementor-spacer-inner\"><\/div>\n\t\t<\/div>\n\t\t\t\t\t\t<\/div>\n\t\t\t\t<\/div>\n\t\t\t\t\t<\/div>\n\t\t<\/div>\n\t\t\t\t<div class=\"elementor-column elementor-col-50 elementor-top-column elementor-element elementor-element-086eb77\" data-id=\"086eb77\" data-element_type=\"column\" data-e-type=\"column\">\n\t\t\t<div class=\"elementor-widget-wrap elementor-element-populated\">\n\t\t\t\t\t\t<div class=\"elementor-element elementor-element-cf4de66 elementor-invisible elementor-widget elementor-widget-google_maps\" data-id=\"cf4de66\" data-element_type=\"widget\" data-e-type=\"widget\" data-settings=\"{&quot;_animation&quot;:&quot;zoomIn&quot;}\" data-widget_type=\"google_maps.default\">\n\t\t\t\t<div class=\"elementor-widget-container\">\n\t\t\t\t\t\t\t<div class=\"elementor-custom-embed\">\n\t\t\t<iframe loading=\"lazy\"\n\t\t\t\t\tsrc=\"https:\/\/maps.google.com\/maps?q=Olivecronas%20v%C3%A4g%204&#038;t=m&#038;z=13&#038;output=embed&#038;iwloc=near\"\n\t\t\t\t\ttitle=\"Olivecronas v\u00e4g 4\"\n\t\t\t\t\taria-label=\"Olivecronas v\u00e4g 4\"\n\t\t\t><\/iframe>\n\t\t<\/div>\n\t\t\t\t\t\t<\/div>\n\t\t\t\t<\/div>\n\t\t\t\t<div class=\"elementor-element elementor-element-8c50a25 elementor-invisible elementor-widget elementor-widget-heading\" data-id=\"8c50a25\" data-element_type=\"widget\" data-e-type=\"widget\" data-settings=\"{&quot;_animation&quot;:&quot;fadeInUp&quot;}\" data-widget_type=\"heading.default\">\n\t\t\t\t<div class=\"elementor-widget-container\">\n\t\t\t\t\t<h2 class=\"elementor-heading-title elementor-size-default\">Contact<\/h2>\t\t\t\t<\/div>\n\t\t\t\t<\/div>\n\t\t\t\t<div class=\"elementor-element elementor-element-3b8cb63 elementor-invisible elementor-widget elementor-widget-text-editor\" data-id=\"3b8cb63\" data-element_type=\"widget\" data-e-type=\"widget\" data-settings=\"{&quot;_animation&quot;:&quot;fadeInRight&quot;}\" data-widget_type=\"text-editor.default\">\n\t\t\t\t<div class=\"elementor-widget-container\">\n\t\t\t\t\t\t\t\t\t<div class=\"col-xs-12 col-sm-6 col-md-6 col-lg-6 address_con\"><p>Olivecronas v\u00e4g 4<br>113 61 Stockholm Su\u00e8de<br>+46 &#8211; 707 22 98 20<\/p><\/div>\t\t\t\t\t\t\t\t<\/div>\n\t\t\t\t<\/div>\n\t\t\t\t<div class=\"elementor-element elementor-element-b0333a3 elementor-invisible elementor-widget elementor-widget-heading\" data-id=\"b0333a3\" data-element_type=\"widget\" data-e-type=\"widget\" data-settings=\"{&quot;_animation&quot;:&quot;fadeInUp&quot;}\" data-widget_type=\"heading.default\">\n\t\t\t\t<div class=\"elementor-widget-container\">\n\t\t\t\t\t<h2 class=\"elementor-heading-title elementor-size-default\">Heures d'ouverture<\/h2>\t\t\t\t<\/div>\n\t\t\t\t<\/div>\n\t\t\t\t<div class=\"elementor-element elementor-element-d617934 elementor-invisible elementor-widget elementor-widget-text-editor\" data-id=\"d617934\" data-element_type=\"widget\" data-e-type=\"widget\" data-settings=\"{&quot;_animation&quot;:&quot;fadeInRight&quot;}\" data-widget_type=\"text-editor.default\">\n\t\t\t\t<div class=\"elementor-widget-container\">\n\t\t\t\t\t\t\t\t\t<div class=\"col-xs-12 col-sm-6 col-md-6 col-lg-6 address_con\"><p>Lundi : Ferm\u00e9<\/p><p>Du mardi au vendredi : 12h00-18h00<\/p><p> <\/p><\/div>\t\t\t\t\t\t\t\t<\/div>\n\t\t\t\t<\/div>\n\t\t\t\t\t<\/div>\n\t\t<\/div>\n\t\t\t\t\t<\/div>\n\t\t<\/section>\n\t\t\t\t<\/div>\n\t\t","protected":false},"excerpt":{"rendered":"<p>A propos de Depuis 1998, Hoffmans se consacre aux antiquit\u00e9s et aux \u0153uvres d&rsquo;art du plus haut niveau, anim\u00e9 par la passion et la qualit\u00e9 sans compromis. Nous sommes sp\u00e9cialis\u00e9s dans le mobilier, les lustres et les arts d\u00e9coratifs, chaque pi\u00e8ce \u00e9tant soigneusement s\u00e9lectionn\u00e9e pour son authenticit\u00e9, sa beaut\u00e9 et son histoire. &nbsp; Outre la [&hellip;]<\/p>\n","protected":false},"author":1,"featured_media":0,"parent":0,"menu_order":0,"comment_status":"closed","ping_status":"closed","template":"elementor_header_footer","meta":{"footnotes":""},"class_list":["post-2554","page","type-page","status-publish","hentry"],"yoast_head":"<!-- This site is optimized with the Yoast SEO plugin v27.4 - https:\/\/yoast.com\/product\/yoast-seo-wordpress\/ -->\n<title>A propos de - Hoffmans<\/title>\n<meta name=\"robots\" content=\"index, follow, max-snippet:-1, max-image-preview:large, max-video-preview:-1\" \/>\n<link rel=\"canonical\" href=\"https:\/\/hoffmansantikhandel.se\/fr\/a-propos-de\/\" \/>\n<meta property=\"og:locale\" content=\"fr_FR\" \/>\n<meta property=\"og:type\" content=\"article\" \/>\n<meta property=\"og:title\" content=\"A propos de - Hoffmans\" \/>\n<meta property=\"og:description\" content=\"A propos de Depuis 1998, Hoffmans se consacre aux antiquit\u00e9s et aux \u0153uvres d&rsquo;art du plus haut niveau, anim\u00e9 par la passion et la qualit\u00e9 sans compromis. Nous sommes sp\u00e9cialis\u00e9s dans le mobilier, les lustres et les arts d\u00e9coratifs, chaque pi\u00e8ce \u00e9tant soigneusement s\u00e9lectionn\u00e9e pour son authenticit\u00e9, sa beaut\u00e9 et son histoire. &nbsp; Outre la [&hellip;]\" \/>\n<meta property=\"og:url\" content=\"https:\/\/hoffmansantikhandel.se\/fr\/a-propos-de\/\" \/>\n<meta property=\"og:site_name\" content=\"Hoffmans\" \/>\n<meta property=\"article:modified_time\" content=\"2025-08-15T09:37:31+00:00\" \/>\n<meta property=\"og:image\" content=\"https:\/\/hoffmansantikhandel.se\/wp-content\/uploads\/2025\/08\/hoff.jpg\" \/>\n\t<meta property=\"og:image:width\" content=\"1920\" \/>\n\t<meta property=\"og:image:height\" content=\"1309\" \/>\n\t<meta property=\"og:image:type\" content=\"image\/jpeg\" \/>\n<meta name=\"twitter:card\" content=\"summary_large_image\" \/>\n<meta name=\"twitter:label1\" content=\"Dur\u00e9e de lecture estim\u00e9e\" \/>\n\t<meta name=\"twitter:data1\" content=\"1 minute\" \/>\n<script type=\"application\/ld+json\" class=\"yoast-schema-graph\">{\"@context\":\"https:\\\/\\\/schema.org\",\"@graph\":[{\"@type\":\"WebPage\",\"@id\":\"https:\\\/\\\/hoffmansantikhandel.se\\\/fr\\\/a-propos-de\\\/\",\"url\":\"https:\\\/\\\/hoffmansantikhandel.se\\\/fr\\\/a-propos-de\\\/\",\"name\":\"A propos de - Hoffmans\",\"isPartOf\":{\"@id\":\"https:\\\/\\\/hoffmansantikhandel.se\\\/fr\\\/#website\"},\"primaryImageOfPage\":{\"@id\":\"https:\\\/\\\/hoffmansantikhandel.se\\\/fr\\\/a-propos-de\\\/#primaryimage\"},\"image\":{\"@id\":\"https:\\\/\\\/hoffmansantikhandel.se\\\/fr\\\/a-propos-de\\\/#primaryimage\"},\"thumbnailUrl\":\"https:\\\/\\\/hoffmansantikhandel.se\\\/wp-content\\\/uploads\\\/2025\\\/08\\\/hoff-1024x698.jpg\",\"datePublished\":\"2022-06-14T11:46:14+00:00\",\"dateModified\":\"2025-08-15T09:37:31+00:00\",\"breadcrumb\":{\"@id\":\"https:\\\/\\\/hoffmansantikhandel.se\\\/fr\\\/a-propos-de\\\/#breadcrumb\"},\"inLanguage\":\"fr-FR\",\"potentialAction\":[{\"@type\":\"ReadAction\",\"target\":[\"https:\\\/\\\/hoffmansantikhandel.se\\\/fr\\\/a-propos-de\\\/\"]}]},{\"@type\":\"ImageObject\",\"inLanguage\":\"fr-FR\",\"@id\":\"https:\\\/\\\/hoffmansantikhandel.se\\\/fr\\\/a-propos-de\\\/#primaryimage\",\"url\":\"https:\\\/\\\/hoffmansantikhandel.se\\\/wp-content\\\/uploads\\\/2025\\\/08\\\/hoff-1024x698.jpg\",\"contentUrl\":\"https:\\\/\\\/hoffmansantikhandel.se\\\/wp-content\\\/uploads\\\/2025\\\/08\\\/hoff-1024x698.jpg\"},{\"@type\":\"BreadcrumbList\",\"@id\":\"https:\\\/\\\/hoffmansantikhandel.se\\\/fr\\\/a-propos-de\\\/#breadcrumb\",\"itemListElement\":[{\"@type\":\"ListItem\",\"position\":1,\"name\":\"Home\",\"item\":\"https:\\\/\\\/hoffmansantikhandel.se\\\/fr\\\/page-daccueil\\\/\"},{\"@type\":\"ListItem\",\"position\":2,\"name\":\"A propos de\"}]},{\"@type\":\"WebSite\",\"@id\":\"https:\\\/\\\/hoffmansantikhandel.se\\\/fr\\\/#website\",\"url\":\"https:\\\/\\\/hoffmansantikhandel.se\\\/fr\\\/\",\"name\":\"Hoffmans\",\"description\":\"Antikhandel\",\"publisher\":{\"@id\":\"https:\\\/\\\/hoffmansantikhandel.se\\\/fr\\\/#organization\"},\"potentialAction\":[{\"@type\":\"SearchAction\",\"target\":{\"@type\":\"EntryPoint\",\"urlTemplate\":\"https:\\\/\\\/hoffmansantikhandel.se\\\/fr\\\/?s={search_term_string}\"},\"query-input\":{\"@type\":\"PropertyValueSpecification\",\"valueRequired\":true,\"valueName\":\"search_term_string\"}}],\"inLanguage\":\"fr-FR\"},{\"@type\":\"Organization\",\"@id\":\"https:\\\/\\\/hoffmansantikhandel.se\\\/fr\\\/#organization\",\"name\":\"Hoffmans Antikhandel\",\"url\":\"https:\\\/\\\/hoffmansantikhandel.se\\\/fr\\\/\",\"logo\":{\"@type\":\"ImageObject\",\"inLanguage\":\"fr-FR\",\"@id\":\"https:\\\/\\\/hoffmansantikhandel.se\\\/fr\\\/#\\\/schema\\\/logo\\\/image\\\/\",\"url\":\"https:\\\/\\\/hoffmansantikhandel.se\\\/wp-content\\\/uploads\\\/2022\\\/06\\\/hoffmans.svg\",\"contentUrl\":\"https:\\\/\\\/hoffmansantikhandel.se\\\/wp-content\\\/uploads\\\/2022\\\/06\\\/hoffmans.svg\",\"width\":753.5,\"height\":82.5,\"caption\":\"Hoffmans Antikhandel\"},\"image\":{\"@id\":\"https:\\\/\\\/hoffmansantikhandel.se\\\/fr\\\/#\\\/schema\\\/logo\\\/image\\\/\"}}]}<\/script>\n<!-- \/ Yoast SEO plugin. -->","yoast_head_json":{"title":"A propos de - Hoffmans","robots":{"index":"index","follow":"follow","max-snippet":"max-snippet:-1","max-image-preview":"max-image-preview:large","max-video-preview":"max-video-preview:-1"},"canonical":"https:\/\/hoffmansantikhandel.se\/fr\/a-propos-de\/","og_locale":"fr_FR","og_type":"article","og_title":"A propos de - Hoffmans","og_description":"A propos de Depuis 1998, Hoffmans se consacre aux antiquit\u00e9s et aux \u0153uvres d&rsquo;art du plus haut niveau, anim\u00e9 par la passion et la qualit\u00e9 sans compromis. Nous sommes sp\u00e9cialis\u00e9s dans le mobilier, les lustres et les arts d\u00e9coratifs, chaque pi\u00e8ce \u00e9tant soigneusement s\u00e9lectionn\u00e9e pour son authenticit\u00e9, sa beaut\u00e9 et son histoire. &nbsp; Outre la [&hellip;]","og_url":"https:\/\/hoffmansantikhandel.se\/fr\/a-propos-de\/","og_site_name":"Hoffmans","article_modified_time":"2025-08-15T09:37:31+00:00","og_image":[{"width":1920,"height":1309,"url":"https:\/\/hoffmansantikhandel.se\/wp-content\/uploads\/2025\/08\/hoff.jpg","type":"image\/jpeg"}],"twitter_card":"summary_large_image","twitter_misc":{"Dur\u00e9e de lecture estim\u00e9e":"1 minute"},"schema":{"@context":"https:\/\/schema.org","@graph":[{"@type":"WebPage","@id":"https:\/\/hoffmansantikhandel.se\/fr\/a-propos-de\/","url":"https:\/\/hoffmansantikhandel.se\/fr\/a-propos-de\/","name":"A propos de - Hoffmans","isPartOf":{"@id":"https:\/\/hoffmansantikhandel.se\/fr\/#website"},"primaryImageOfPage":{"@id":"https:\/\/hoffmansantikhandel.se\/fr\/a-propos-de\/#primaryimage"},"image":{"@id":"https:\/\/hoffmansantikhandel.se\/fr\/a-propos-de\/#primaryimage"},"thumbnailUrl":"https:\/\/hoffmansantikhandel.se\/wp-content\/uploads\/2025\/08\/hoff-1024x698.jpg","datePublished":"2022-06-14T11:46:14+00:00","dateModified":"2025-08-15T09:37:31+00:00","breadcrumb":{"@id":"https:\/\/hoffmansantikhandel.se\/fr\/a-propos-de\/#breadcrumb"},"inLanguage":"fr-FR","potentialAction":[{"@type":"ReadAction","target":["https:\/\/hoffmansantikhandel.se\/fr\/a-propos-de\/"]}]},{"@type":"ImageObject","inLanguage":"fr-FR","@id":"https:\/\/hoffmansantikhandel.se\/fr\/a-propos-de\/#primaryimage","url":"https:\/\/hoffmansantikhandel.se\/wp-content\/uploads\/2025\/08\/hoff-1024x698.jpg","contentUrl":"https:\/\/hoffmansantikhandel.se\/wp-content\/uploads\/2025\/08\/hoff-1024x698.jpg"},{"@type":"BreadcrumbList","@id":"https:\/\/hoffmansantikhandel.se\/fr\/a-propos-de\/#breadcrumb","itemListElement":[{"@type":"ListItem","position":1,"name":"Home","item":"https:\/\/hoffmansantikhandel.se\/fr\/page-daccueil\/"},{"@type":"ListItem","position":2,"name":"A propos de"}]},{"@type":"WebSite","@id":"https:\/\/hoffmansantikhandel.se\/fr\/#website","url":"https:\/\/hoffmansantikhandel.se\/fr\/","name":"Hoffmans","description":"Antikhandel","publisher":{"@id":"https:\/\/hoffmansantikhandel.se\/fr\/#organization"},"potentialAction":[{"@type":"SearchAction","target":{"@type":"EntryPoint","urlTemplate":"https:\/\/hoffmansantikhandel.se\/fr\/?s={search_term_string}"},"query-input":{"@type":"PropertyValueSpecification","valueRequired":true,"valueName":"search_term_string"}}],"inLanguage":"fr-FR"},{"@type":"Organization","@id":"https:\/\/hoffmansantikhandel.se\/fr\/#organization","name":"Hoffmans Antikhandel","url":"https:\/\/hoffmansantikhandel.se\/fr\/","logo":{"@type":"ImageObject","inLanguage":"fr-FR","@id":"https:\/\/hoffmansantikhandel.se\/fr\/#\/schema\/logo\/image\/","url":"https:\/\/hoffmansantikhandel.se\/wp-content\/uploads\/2022\/06\/hoffmans.svg","contentUrl":"https:\/\/hoffmansantikhandel.se\/wp-content\/uploads\/2022\/06\/hoffmans.svg","width":753.5,"height":82.5,"caption":"Hoffmans Antikhandel"},"image":{"@id":"https:\/\/hoffmansantikhandel.se\/fr\/#\/schema\/logo\/image\/"}}]}},"_links":{"self":[{"href":"https:\/\/hoffmansantikhandel.se\/fr\/wp-json\/wp\/v2\/pages\/2554","targetHints":{"allow":["GET"]}}],"collection":[{"href":"https:\/\/hoffmansantikhandel.se\/fr\/wp-json\/wp\/v2\/pages"}],"about":[{"href":"https:\/\/hoffmansantikhandel.se\/fr\/wp-json\/wp\/v2\/types\/page"}],"author":[{"embeddable":true,"href":"https:\/\/hoffmansantikhandel.se\/fr\/wp-json\/wp\/v2\/users\/1"}],"replies":[{"embeddable":true,"href":"https:\/\/hoffmansantikhandel.se\/fr\/wp-json\/wp\/v2\/comments?post=2554"}],"version-history":[{"count":4,"href":"https:\/\/hoffmansantikhandel.se\/fr\/wp-json\/wp\/v2\/pages\/2554\/revisions"}],"predecessor-version":[{"id":2697,"href":"https:\/\/hoffmansantikhandel.se\/fr\/wp-json\/wp\/v2\/pages\/2554\/revisions\/2697"}],"wp:attachment":[{"href":"https:\/\/hoffmansantikhandel.se\/fr\/wp-json\/wp\/v2\/media?parent=2554"}],"curies":[{"name":"wp","href":"https:\/\/api.w.org\/{rel}","templated":true}]}}