{"id":1041,"date":"2022-06-14T13:46:14","date_gmt":"2022-06-14T11:46:14","guid":{"rendered":"https:\/\/ny.hoffmansantikhandel.se\/om-hoffmans\/"},"modified":"2025-08-15T11:48:46","modified_gmt":"2025-08-15T09:48:46","slug":"om-hoffmans","status":"publish","type":"page","link":"https:\/\/hoffmansantikhandel.se\/sv\/om-hoffmans\/","title":{"rendered":"Om Hoffmans"},"content":{"rendered":"\t\t<div data-elementor-type=\"wp-page\" data-elementor-id=\"1041\" class=\"elementor elementor-1041 elementor-528\" data-elementor-post-type=\"page\">\n\t\t\t\t\t\t<section class=\"elementor-section elementor-top-section elementor-element elementor-element-84e41ba elementor-section-boxed elementor-section-height-default elementor-section-height-default\" data-id=\"84e41ba\" data-element_type=\"section\" data-e-type=\"section\" data-settings=\"{&quot;jet_parallax_layout_list&quot;:[]}\">\n\t\t\t\t\t\t<div class=\"elementor-container elementor-column-gap-default\">\n\t\t\t\t\t<div class=\"elementor-column elementor-col-100 elementor-top-column elementor-element elementor-element-9c8b9d3\" data-id=\"9c8b9d3\" data-element_type=\"column\" data-e-type=\"column\">\n\t\t\t<div class=\"elementor-widget-wrap elementor-element-populated\">\n\t\t\t\t\t\t<div class=\"elementor-element elementor-element-d792ebf elementor-widget-divider--view-line_text elementor-widget-divider--element-align-center elementor-widget elementor-widget-divider\" data-id=\"d792ebf\" data-element_type=\"widget\" data-e-type=\"widget\" data-widget_type=\"divider.default\">\n\t\t\t\t<div class=\"elementor-widget-container\">\n\t\t\t\t\t\t\t<div class=\"elementor-divider\">\n\t\t\t<span class=\"elementor-divider-separator\">\n\t\t\t\t\t\t\t<span class=\"elementor-divider__text elementor-divider__element\">\n\t\t\t\tOm Hoffmans\t\t\t\t<\/span>\n\t\t\t\t\t\t<\/span>\n\t\t<\/div>\n\t\t\t\t\t\t<\/div>\n\t\t\t\t<\/div>\n\t\t\t\t\t<\/div>\n\t\t<\/div>\n\t\t\t\t\t<\/div>\n\t\t<\/section>\n\t\t\t\t<section class=\"elementor-section elementor-top-section elementor-element elementor-element-716b1eb elementor-section-boxed elementor-section-height-default elementor-section-height-default\" data-id=\"716b1eb\" data-element_type=\"section\" data-e-type=\"section\" data-settings=\"{&quot;jet_parallax_layout_list&quot;:[]}\">\n\t\t\t\t\t\t<div class=\"elementor-container elementor-column-gap-default\">\n\t\t\t\t\t<div class=\"elementor-column elementor-col-50 elementor-top-column elementor-element elementor-element-a259722\" data-id=\"a259722\" data-element_type=\"column\" data-e-type=\"column\">\n\t\t\t<div class=\"elementor-widget-wrap elementor-element-populated\">\n\t\t\t\t\t\t<div class=\"elementor-element elementor-element-ebd4e17 elementor-invisible elementor-widget elementor-widget-image\" data-id=\"ebd4e17\" data-element_type=\"widget\" data-e-type=\"widget\" data-settings=\"{&quot;_animation&quot;:&quot;fadeInDown&quot;}\" data-widget_type=\"image.default\">\n\t\t\t\t<div class=\"elementor-widget-container\">\n\t\t\t\t\t\t\t\t\t\t\t\t\t\t\t<img fetchpriority=\"high\" decoding=\"async\" width=\"800\" height=\"545\" src=\"https:\/\/hoffmansantikhandel.se\/wp-content\/uploads\/2025\/08\/hoff-1024x698.jpg\" class=\"attachment-large size-large wp-image-2550\" alt=\"\" srcset=\"https:\/\/hoffmansantikhandel.se\/wp-content\/uploads\/2025\/08\/hoff-1024x698.jpg 1024w, https:\/\/hoffmansantikhandel.se\/wp-content\/uploads\/2025\/08\/hoff-300x205.jpg 300w, https:\/\/hoffmansantikhandel.se\/wp-content\/uploads\/2025\/08\/hoff-768x524.jpg 768w, https:\/\/hoffmansantikhandel.se\/wp-content\/uploads\/2025\/08\/hoff-1536x1047.jpg 1536w, https:\/\/hoffmansantikhandel.se\/wp-content\/uploads\/2025\/08\/hoff.jpg 1920w\" sizes=\"(max-width: 800px) 100vw, 800px\" \/>\t\t\t\t\t\t\t\t\t\t\t\t\t\t\t<\/div>\n\t\t\t\t<\/div>\n\t\t\t\t<div class=\"elementor-element elementor-element-c914886 elementor-widget__width-initial elementor-invisible elementor-widget elementor-widget-text-editor\" data-id=\"c914886\" data-element_type=\"widget\" data-e-type=\"widget\" data-settings=\"{&quot;_animation&quot;:&quot;fadeInUp&quot;}\" data-widget_type=\"text-editor.default\">\n\t\t\t\t<div class=\"elementor-widget-container\">\n\t\t\t\t\t\t\t\t\t<p><span style=\"font-kerning: none;\">Sedan 1998 har Hoffmans \u00e4gnat sig \u00e5t antikviteter och konstverk p\u00e5 h\u00f6gsta niv\u00e5, drivna av passion och kompromissl\u00f6s kvalitet. Vi specialiserar oss p\u00e5 m\u00f6bler, ljuskronor och dekorativ konst &#8211; varje f\u00f6rem\u00e5l \u00e4r noggrant utvalt f\u00f6r sin \u00e4kthet, sk\u00f6nhet och historia. &nbsp;<\/span><\/p>\n<p><span style=\"font-kerning: none;\">F\u00f6rutom f\u00f6rs\u00e4ljning \u00e5tar vi oss \u00e4ven inredningsuppdrag och hj\u00e4lper v\u00e5ra kunder att skapa milj\u00f6er som pr\u00e4glas av harmoni och tidl\u00f6s elegans.<\/span><\/p>\n<div><span style=\"font-kerning: none;\">V\u00e5rt galleri, bel\u00e4get p\u00e5 Olivecronasv\u00e4g 4 i Stockholm, v\u00e4lkomnar dig i en varm och inspirerande milj\u00f6 tisdag till fredag kl. 12.00-18.00 eller efter \u00f6verenskommelse f\u00f6r privata visningar.<\/span><\/div>\n<div><span style=\"font-kerning: none;\">&nbsp;<\/span><\/div>\n<p>Genom v\u00e5r n\u00e4rvaro p\u00e5 framst\u00e5ende m\u00e4ssor b\u00e5de internationellt och i Sverige, kan vi erbjuda en kurerad samling av exceptionella f\u00f6rem\u00e5l. De objekt som visas p\u00e5 v\u00e5r webbplats representerar endast ett urval av v\u00e5rt kontinuerligt uppdaterade lager. <\/p>\t\t\t\t\t\t\t\t<\/div>\n\t\t\t\t<\/div>\n\t\t\t\t<div class=\"elementor-element elementor-element-dbe624b elementor-widget elementor-widget-spacer\" data-id=\"dbe624b\" data-element_type=\"widget\" data-e-type=\"widget\" data-widget_type=\"spacer.default\">\n\t\t\t\t<div class=\"elementor-widget-container\">\n\t\t\t\t\t\t\t<div class=\"elementor-spacer\">\n\t\t\t<div class=\"elementor-spacer-inner\"><\/div>\n\t\t<\/div>\n\t\t\t\t\t\t<\/div>\n\t\t\t\t<\/div>\n\t\t\t\t\t<\/div>\n\t\t<\/div>\n\t\t\t\t<div class=\"elementor-column elementor-col-50 elementor-top-column elementor-element elementor-element-086eb77\" data-id=\"086eb77\" data-element_type=\"column\" data-e-type=\"column\">\n\t\t\t<div class=\"elementor-widget-wrap elementor-element-populated\">\n\t\t\t\t\t\t<div class=\"elementor-element elementor-element-cf4de66 elementor-invisible elementor-widget elementor-widget-google_maps\" data-id=\"cf4de66\" data-element_type=\"widget\" data-e-type=\"widget\" data-settings=\"{&quot;_animation&quot;:&quot;zoomIn&quot;}\" data-widget_type=\"google_maps.default\">\n\t\t\t\t<div class=\"elementor-widget-container\">\n\t\t\t\t\t\t\t<div class=\"elementor-custom-embed\">\n\t\t\t<iframe loading=\"lazy\"\n\t\t\t\t\tsrc=\"https:\/\/maps.google.com\/maps?q=Olivecronas%20v%C3%A4g%204&#038;t=m&#038;z=13&#038;output=embed&#038;iwloc=near\"\n\t\t\t\t\ttitle=\"Olivecronas v\u00e4g 4\"\n\t\t\t\t\taria-label=\"Olivecronas v\u00e4g 4\"\n\t\t\t><\/iframe>\n\t\t<\/div>\n\t\t\t\t\t\t<\/div>\n\t\t\t\t<\/div>\n\t\t\t\t<div class=\"elementor-element elementor-element-8c50a25 elementor-invisible elementor-widget elementor-widget-heading\" data-id=\"8c50a25\" data-element_type=\"widget\" data-e-type=\"widget\" data-settings=\"{&quot;_animation&quot;:&quot;fadeInUp&quot;}\" data-widget_type=\"heading.default\">\n\t\t\t\t<div class=\"elementor-widget-container\">\n\t\t\t\t\t<h2 class=\"elementor-heading-title elementor-size-default\">Kontakt<\/h2>\t\t\t\t<\/div>\n\t\t\t\t<\/div>\n\t\t\t\t<div class=\"elementor-element elementor-element-3b8cb63 elementor-invisible elementor-widget elementor-widget-text-editor\" data-id=\"3b8cb63\" data-element_type=\"widget\" data-e-type=\"widget\" data-settings=\"{&quot;_animation&quot;:&quot;fadeInRight&quot;}\" data-widget_type=\"text-editor.default\">\n\t\t\t\t<div class=\"elementor-widget-container\">\n\t\t\t\t\t\t\t\t\t<div class=\"col-xs-12 col-sm-6 col-md-6 col-lg-6 address_con\"><p>Olivecronas v\u00e4g 4<br>113 61 Stockholm Sverige<br>+46 &#8211; 707 22 98 20<\/p><\/div>\t\t\t\t\t\t\t\t<\/div>\n\t\t\t\t<\/div>\n\t\t\t\t<div class=\"elementor-element elementor-element-b0333a3 elementor-invisible elementor-widget elementor-widget-heading\" data-id=\"b0333a3\" data-element_type=\"widget\" data-e-type=\"widget\" data-settings=\"{&quot;_animation&quot;:&quot;fadeInUp&quot;}\" data-widget_type=\"heading.default\">\n\t\t\t\t<div class=\"elementor-widget-container\">\n\t\t\t\t\t<h2 class=\"elementor-heading-title elementor-size-default\">\u00d6ppettider<\/h2>\t\t\t\t<\/div>\n\t\t\t\t<\/div>\n\t\t\t\t<div class=\"elementor-element elementor-element-d617934 elementor-invisible elementor-widget elementor-widget-text-editor\" data-id=\"d617934\" data-element_type=\"widget\" data-e-type=\"widget\" data-settings=\"{&quot;_animation&quot;:&quot;fadeInRight&quot;}\" data-widget_type=\"text-editor.default\">\n\t\t\t\t<div class=\"elementor-widget-container\">\n\t\t\t\t\t\t\t\t\t<div class=\"col-xs-12 col-sm-6 col-md-6 col-lg-6 address_con\"><p>M\u00e5ndag: St\u00e4ngt<\/p><p>Tisdag &#8211; Fredag: 12:00-18:00<\/p><p> <\/p><\/div>\t\t\t\t\t\t\t\t<\/div>\n\t\t\t\t<\/div>\n\t\t\t\t\t<\/div>\n\t\t<\/div>\n\t\t\t\t\t<\/div>\n\t\t<\/section>\n\t\t\t\t<\/div>\n\t\t","protected":false},"excerpt":{"rendered":"<p>Om Hoffmans Sedan 1998 har Hoffmans \u00e4gnat sig \u00e5t antikviteter och konstverk p\u00e5 h\u00f6gsta niv\u00e5, drivna av passion och kompromissl\u00f6s kvalitet. Vi specialiserar oss p\u00e5 m\u00f6bler, ljuskronor och dekorativ konst &#8211; varje f\u00f6rem\u00e5l \u00e4r noggrant utvalt f\u00f6r sin \u00e4kthet, sk\u00f6nhet och historia. &nbsp; F\u00f6rutom f\u00f6rs\u00e4ljning \u00e5tar vi oss \u00e4ven inredningsuppdrag och hj\u00e4lper v\u00e5ra kunder att [&hellip;]<\/p>\n","protected":false},"author":1,"featured_media":0,"parent":0,"menu_order":0,"comment_status":"closed","ping_status":"closed","template":"elementor_header_footer","meta":{"footnotes":""},"class_list":["post-1041","page","type-page","status-publish","hentry"],"yoast_head":"<!-- This site is optimized with the Yoast SEO plugin v27.3 - https:\/\/yoast.com\/product\/yoast-seo-wordpress\/ -->\n<title>Om Hoffmans - Hoffmans<\/title>\n<meta name=\"robots\" content=\"index, follow, max-snippet:-1, max-image-preview:large, max-video-preview:-1\" \/>\n<link rel=\"canonical\" href=\"https:\/\/hoffmansantikhandel.se\/sv\/om-hoffmans\/\" \/>\n<meta property=\"og:locale\" content=\"sv_SE\" \/>\n<meta property=\"og:type\" content=\"article\" \/>\n<meta property=\"og:title\" content=\"Om Hoffmans - Hoffmans\" \/>\n<meta property=\"og:description\" content=\"Om Hoffmans Sedan 1998 har Hoffmans \u00e4gnat sig \u00e5t antikviteter och konstverk p\u00e5 h\u00f6gsta niv\u00e5, drivna av passion och kompromissl\u00f6s kvalitet. Vi specialiserar oss p\u00e5 m\u00f6bler, ljuskronor och dekorativ konst &#8211; varje f\u00f6rem\u00e5l \u00e4r noggrant utvalt f\u00f6r sin \u00e4kthet, sk\u00f6nhet och historia. &nbsp; F\u00f6rutom f\u00f6rs\u00e4ljning \u00e5tar vi oss \u00e4ven inredningsuppdrag och hj\u00e4lper v\u00e5ra kunder att [&hellip;]\" \/>\n<meta property=\"og:url\" content=\"https:\/\/hoffmansantikhandel.se\/sv\/om-hoffmans\/\" \/>\n<meta property=\"og:site_name\" content=\"Hoffmans\" \/>\n<meta property=\"article:modified_time\" content=\"2025-08-15T09:48:46+00:00\" \/>\n<meta property=\"og:image\" content=\"https:\/\/hoffmansantikhandel.se\/wp-content\/uploads\/2025\/08\/hoff.jpg\" \/>\n\t<meta property=\"og:image:width\" content=\"1920\" \/>\n\t<meta property=\"og:image:height\" content=\"1309\" \/>\n\t<meta property=\"og:image:type\" content=\"image\/jpeg\" \/>\n<meta name=\"twitter:card\" content=\"summary_large_image\" \/>\n<meta name=\"twitter:label1\" content=\"Ber\u00e4knad l\u00e4stid\" \/>\n\t<meta name=\"twitter:data1\" content=\"1 minut\" \/>\n<script type=\"application\/ld+json\" class=\"yoast-schema-graph\">{\"@context\":\"https:\\\/\\\/schema.org\",\"@graph\":[{\"@type\":\"WebPage\",\"@id\":\"https:\\\/\\\/hoffmansantikhandel.se\\\/sv\\\/om-hoffmans\\\/\",\"url\":\"https:\\\/\\\/hoffmansantikhandel.se\\\/sv\\\/om-hoffmans\\\/\",\"name\":\"Om Hoffmans - Hoffmans\",\"isPartOf\":{\"@id\":\"https:\\\/\\\/hoffmansantikhandel.se\\\/sv\\\/#website\"},\"primaryImageOfPage\":{\"@id\":\"https:\\\/\\\/hoffmansantikhandel.se\\\/sv\\\/om-hoffmans\\\/#primaryimage\"},\"image\":{\"@id\":\"https:\\\/\\\/hoffmansantikhandel.se\\\/sv\\\/om-hoffmans\\\/#primaryimage\"},\"thumbnailUrl\":\"https:\\\/\\\/hoffmansantikhandel.se\\\/wp-content\\\/uploads\\\/2025\\\/08\\\/hoff-1024x698.jpg\",\"datePublished\":\"2022-06-14T11:46:14+00:00\",\"dateModified\":\"2025-08-15T09:48:46+00:00\",\"breadcrumb\":{\"@id\":\"https:\\\/\\\/hoffmansantikhandel.se\\\/sv\\\/om-hoffmans\\\/#breadcrumb\"},\"inLanguage\":\"sv-SE\",\"potentialAction\":[{\"@type\":\"ReadAction\",\"target\":[\"https:\\\/\\\/hoffmansantikhandel.se\\\/sv\\\/om-hoffmans\\\/\"]}]},{\"@type\":\"ImageObject\",\"inLanguage\":\"sv-SE\",\"@id\":\"https:\\\/\\\/hoffmansantikhandel.se\\\/sv\\\/om-hoffmans\\\/#primaryimage\",\"url\":\"https:\\\/\\\/hoffmansantikhandel.se\\\/wp-content\\\/uploads\\\/2025\\\/08\\\/hoff-1024x698.jpg\",\"contentUrl\":\"https:\\\/\\\/hoffmansantikhandel.se\\\/wp-content\\\/uploads\\\/2025\\\/08\\\/hoff-1024x698.jpg\"},{\"@type\":\"BreadcrumbList\",\"@id\":\"https:\\\/\\\/hoffmansantikhandel.se\\\/sv\\\/om-hoffmans\\\/#breadcrumb\",\"itemListElement\":[{\"@type\":\"ListItem\",\"position\":1,\"name\":\"Home\",\"item\":\"https:\\\/\\\/hoffmansantikhandel.se\\\/sv\\\/startsida\\\/\"},{\"@type\":\"ListItem\",\"position\":2,\"name\":\"Om Hoffmans\"}]},{\"@type\":\"WebSite\",\"@id\":\"https:\\\/\\\/hoffmansantikhandel.se\\\/sv\\\/#website\",\"url\":\"https:\\\/\\\/hoffmansantikhandel.se\\\/sv\\\/\",\"name\":\"Hoffmans\",\"description\":\"Antikhandel\",\"publisher\":{\"@id\":\"https:\\\/\\\/hoffmansantikhandel.se\\\/sv\\\/#organization\"},\"potentialAction\":[{\"@type\":\"SearchAction\",\"target\":{\"@type\":\"EntryPoint\",\"urlTemplate\":\"https:\\\/\\\/hoffmansantikhandel.se\\\/sv\\\/?s={search_term_string}\"},\"query-input\":{\"@type\":\"PropertyValueSpecification\",\"valueRequired\":true,\"valueName\":\"search_term_string\"}}],\"inLanguage\":\"sv-SE\"},{\"@type\":\"Organization\",\"@id\":\"https:\\\/\\\/hoffmansantikhandel.se\\\/sv\\\/#organization\",\"name\":\"Hoffmans Antikhandel\",\"url\":\"https:\\\/\\\/hoffmansantikhandel.se\\\/sv\\\/\",\"logo\":{\"@type\":\"ImageObject\",\"inLanguage\":\"sv-SE\",\"@id\":\"https:\\\/\\\/hoffmansantikhandel.se\\\/sv\\\/#\\\/schema\\\/logo\\\/image\\\/\",\"url\":\"https:\\\/\\\/hoffmansantikhandel.se\\\/wp-content\\\/uploads\\\/2022\\\/06\\\/hoffmans.svg\",\"contentUrl\":\"https:\\\/\\\/hoffmansantikhandel.se\\\/wp-content\\\/uploads\\\/2022\\\/06\\\/hoffmans.svg\",\"width\":753.5,\"height\":82.5,\"caption\":\"Hoffmans Antikhandel\"},\"image\":{\"@id\":\"https:\\\/\\\/hoffmansantikhandel.se\\\/sv\\\/#\\\/schema\\\/logo\\\/image\\\/\"}}]}<\/script>\n<!-- \/ Yoast SEO plugin. -->","yoast_head_json":{"title":"Om Hoffmans - Hoffmans","robots":{"index":"index","follow":"follow","max-snippet":"max-snippet:-1","max-image-preview":"max-image-preview:large","max-video-preview":"max-video-preview:-1"},"canonical":"https:\/\/hoffmansantikhandel.se\/sv\/om-hoffmans\/","og_locale":"sv_SE","og_type":"article","og_title":"Om Hoffmans - Hoffmans","og_description":"Om Hoffmans Sedan 1998 har Hoffmans \u00e4gnat sig \u00e5t antikviteter och konstverk p\u00e5 h\u00f6gsta niv\u00e5, drivna av passion och kompromissl\u00f6s kvalitet. Vi specialiserar oss p\u00e5 m\u00f6bler, ljuskronor och dekorativ konst &#8211; varje f\u00f6rem\u00e5l \u00e4r noggrant utvalt f\u00f6r sin \u00e4kthet, sk\u00f6nhet och historia. &nbsp; F\u00f6rutom f\u00f6rs\u00e4ljning \u00e5tar vi oss \u00e4ven inredningsuppdrag och hj\u00e4lper v\u00e5ra kunder att [&hellip;]","og_url":"https:\/\/hoffmansantikhandel.se\/sv\/om-hoffmans\/","og_site_name":"Hoffmans","article_modified_time":"2025-08-15T09:48:46+00:00","og_image":[{"width":1920,"height":1309,"url":"https:\/\/hoffmansantikhandel.se\/wp-content\/uploads\/2025\/08\/hoff.jpg","type":"image\/jpeg"}],"twitter_card":"summary_large_image","twitter_misc":{"Ber\u00e4knad l\u00e4stid":"1 minut"},"schema":{"@context":"https:\/\/schema.org","@graph":[{"@type":"WebPage","@id":"https:\/\/hoffmansantikhandel.se\/sv\/om-hoffmans\/","url":"https:\/\/hoffmansantikhandel.se\/sv\/om-hoffmans\/","name":"Om Hoffmans - Hoffmans","isPartOf":{"@id":"https:\/\/hoffmansantikhandel.se\/sv\/#website"},"primaryImageOfPage":{"@id":"https:\/\/hoffmansantikhandel.se\/sv\/om-hoffmans\/#primaryimage"},"image":{"@id":"https:\/\/hoffmansantikhandel.se\/sv\/om-hoffmans\/#primaryimage"},"thumbnailUrl":"https:\/\/hoffmansantikhandel.se\/wp-content\/uploads\/2025\/08\/hoff-1024x698.jpg","datePublished":"2022-06-14T11:46:14+00:00","dateModified":"2025-08-15T09:48:46+00:00","breadcrumb":{"@id":"https:\/\/hoffmansantikhandel.se\/sv\/om-hoffmans\/#breadcrumb"},"inLanguage":"sv-SE","potentialAction":[{"@type":"ReadAction","target":["https:\/\/hoffmansantikhandel.se\/sv\/om-hoffmans\/"]}]},{"@type":"ImageObject","inLanguage":"sv-SE","@id":"https:\/\/hoffmansantikhandel.se\/sv\/om-hoffmans\/#primaryimage","url":"https:\/\/hoffmansantikhandel.se\/wp-content\/uploads\/2025\/08\/hoff-1024x698.jpg","contentUrl":"https:\/\/hoffmansantikhandel.se\/wp-content\/uploads\/2025\/08\/hoff-1024x698.jpg"},{"@type":"BreadcrumbList","@id":"https:\/\/hoffmansantikhandel.se\/sv\/om-hoffmans\/#breadcrumb","itemListElement":[{"@type":"ListItem","position":1,"name":"Home","item":"https:\/\/hoffmansantikhandel.se\/sv\/startsida\/"},{"@type":"ListItem","position":2,"name":"Om Hoffmans"}]},{"@type":"WebSite","@id":"https:\/\/hoffmansantikhandel.se\/sv\/#website","url":"https:\/\/hoffmansantikhandel.se\/sv\/","name":"Hoffmans","description":"Antikhandel","publisher":{"@id":"https:\/\/hoffmansantikhandel.se\/sv\/#organization"},"potentialAction":[{"@type":"SearchAction","target":{"@type":"EntryPoint","urlTemplate":"https:\/\/hoffmansantikhandel.se\/sv\/?s={search_term_string}"},"query-input":{"@type":"PropertyValueSpecification","valueRequired":true,"valueName":"search_term_string"}}],"inLanguage":"sv-SE"},{"@type":"Organization","@id":"https:\/\/hoffmansantikhandel.se\/sv\/#organization","name":"Hoffmans Antikhandel","url":"https:\/\/hoffmansantikhandel.se\/sv\/","logo":{"@type":"ImageObject","inLanguage":"sv-SE","@id":"https:\/\/hoffmansantikhandel.se\/sv\/#\/schema\/logo\/image\/","url":"https:\/\/hoffmansantikhandel.se\/wp-content\/uploads\/2022\/06\/hoffmans.svg","contentUrl":"https:\/\/hoffmansantikhandel.se\/wp-content\/uploads\/2022\/06\/hoffmans.svg","width":753.5,"height":82.5,"caption":"Hoffmans Antikhandel"},"image":{"@id":"https:\/\/hoffmansantikhandel.se\/sv\/#\/schema\/logo\/image\/"}}]}},"_links":{"self":[{"href":"https:\/\/hoffmansantikhandel.se\/sv\/wp-json\/wp\/v2\/pages\/1041","targetHints":{"allow":["GET"]}}],"collection":[{"href":"https:\/\/hoffmansantikhandel.se\/sv\/wp-json\/wp\/v2\/pages"}],"about":[{"href":"https:\/\/hoffmansantikhandel.se\/sv\/wp-json\/wp\/v2\/types\/page"}],"author":[{"embeddable":true,"href":"https:\/\/hoffmansantikhandel.se\/sv\/wp-json\/wp\/v2\/users\/1"}],"replies":[{"embeddable":true,"href":"https:\/\/hoffmansantikhandel.se\/sv\/wp-json\/wp\/v2\/comments?post=1041"}],"version-history":[{"count":7,"href":"https:\/\/hoffmansantikhandel.se\/sv\/wp-json\/wp\/v2\/pages\/1041\/revisions"}],"predecessor-version":[{"id":2698,"href":"https:\/\/hoffmansantikhandel.se\/sv\/wp-json\/wp\/v2\/pages\/1041\/revisions\/2698"}],"wp:attachment":[{"href":"https:\/\/hoffmansantikhandel.se\/sv\/wp-json\/wp\/v2\/media?parent=1041"}],"curies":[{"name":"wp","href":"https:\/\/api.w.org\/{rel}","templated":true}]}}