{"id":1142,"date":"2022-07-12T21:51:52","date_gmt":"2022-07-12T19:51:52","guid":{"rendered":"https:\/\/ny.hoffmansantikhandel.se\/kontakt\/"},"modified":"2025-08-18T13:25:55","modified_gmt":"2025-08-18T11:25:55","slug":"kontakt","status":"publish","type":"page","link":"https:\/\/hoffmansantikhandel.se\/sv\/kontakt\/","title":{"rendered":"Kontakt"},"content":{"rendered":"\t\t<div data-elementor-type=\"wp-page\" data-elementor-id=\"1142\" class=\"elementor elementor-1142 elementor-1124\" data-elementor-post-type=\"page\">\n\t\t\t\t\t\t<section class=\"elementor-section elementor-top-section elementor-element elementor-element-c5b9ac5 elementor-section-height-full elementor-section-boxed elementor-section-height-default elementor-section-items-middle\" data-id=\"c5b9ac5\" data-element_type=\"section\" data-e-type=\"section\" data-settings=\"{&quot;jet_parallax_layout_list&quot;:[]}\">\n\t\t\t\t\t\t<div class=\"elementor-container elementor-column-gap-default\">\n\t\t\t\t\t<div class=\"elementor-column elementor-col-100 elementor-top-column elementor-element elementor-element-2fce9ef\" data-id=\"2fce9ef\" data-element_type=\"column\" data-e-type=\"column\">\n\t\t\t<div class=\"elementor-widget-wrap elementor-element-populated\">\n\t\t\t\t\t\t<div class=\"elementor-element elementor-element-5f6a346 elementor-widget-divider--view-line_text elementor-widget-divider--element-align-center elementor-widget elementor-widget-divider\" data-id=\"5f6a346\" data-element_type=\"widget\" data-e-type=\"widget\" data-widget_type=\"divider.default\">\n\t\t\t\t<div class=\"elementor-widget-container\">\n\t\t\t\t\t\t\t<div class=\"elementor-divider\">\n\t\t\t<span class=\"elementor-divider-separator\">\n\t\t\t\t\t\t\t<span class=\"elementor-divider__text elementor-divider__element\">\n\t\t\t\tKontakt\t\t\t\t<\/span>\n\t\t\t\t\t\t<\/span>\n\t\t<\/div>\n\t\t\t\t\t\t<\/div>\n\t\t\t\t<\/div>\n\t\t\t\t<section class=\"elementor-section elementor-inner-section elementor-element elementor-element-351afd3 elementor-section-boxed elementor-section-height-default elementor-section-height-default\" data-id=\"351afd3\" data-element_type=\"section\" data-e-type=\"section\" data-settings=\"{&quot;jet_parallax_layout_list&quot;:[]}\">\n\t\t\t\t\t\t<div class=\"elementor-container elementor-column-gap-default\">\n\t\t\t\t\t<div class=\"elementor-column elementor-col-50 elementor-inner-column elementor-element elementor-element-3ee430c\" data-id=\"3ee430c\" data-element_type=\"column\" data-e-type=\"column\">\n\t\t\t<div class=\"elementor-widget-wrap elementor-element-populated\">\n\t\t\t\t\t\t<div class=\"elementor-element elementor-element-c33fc4d elementor-invisible elementor-widget elementor-widget-google_maps\" data-id=\"c33fc4d\" data-element_type=\"widget\" data-e-type=\"widget\" data-settings=\"{&quot;_animation&quot;:&quot;zoomIn&quot;}\" data-widget_type=\"google_maps.default\">\n\t\t\t\t<div class=\"elementor-widget-container\">\n\t\t\t\t\t\t\t<div class=\"elementor-custom-embed\">\n\t\t\t<iframe loading=\"lazy\"\n\t\t\t\t\tsrc=\"https:\/\/maps.google.com\/maps?q=Olivecronas%20v%C3%A4g%204&#038;t=m&#038;z=13&#038;output=embed&#038;iwloc=near\"\n\t\t\t\t\ttitle=\"Olivecronas v\u00e4g 4\"\n\t\t\t\t\taria-label=\"Olivecronas v\u00e4g 4\"\n\t\t\t><\/iframe>\n\t\t<\/div>\n\t\t\t\t\t\t<\/div>\n\t\t\t\t<\/div>\n\t\t\t\t\t<\/div>\n\t\t<\/div>\n\t\t\t\t<div class=\"elementor-column elementor-col-50 elementor-inner-column elementor-element elementor-element-fb1702a\" data-id=\"fb1702a\" data-element_type=\"column\" data-e-type=\"column\">\n\t\t\t<div class=\"elementor-widget-wrap elementor-element-populated\">\n\t\t\t\t\t\t<div class=\"elementor-element elementor-element-8e0fc2b elementor-invisible elementor-widget elementor-widget-text-editor\" data-id=\"8e0fc2b\" data-element_type=\"widget\" data-e-type=\"widget\" data-settings=\"{&quot;_animation&quot;:&quot;fadeInRight&quot;}\" data-widget_type=\"text-editor.default\">\n\t\t\t\t<div class=\"elementor-widget-container\">\n\t\t\t\t\t\t\t\t\t<div class=\"col-xs-12 col-sm-6 col-md-6 col-lg-6 address_con\"><p>Olivecronas v\u00e4g 4<br>113 61 Stockholm Sverige<br>+46 &#8211; 707 22 98 20<\/p><\/div>\t\t\t\t\t\t\t\t<\/div>\n\t\t\t\t<\/div>\n\t\t\t\t<div class=\"elementor-element elementor-element-ceda42a elementor-invisible elementor-widget elementor-widget-heading\" data-id=\"ceda42a\" data-element_type=\"widget\" data-e-type=\"widget\" data-settings=\"{&quot;_animation&quot;:&quot;fadeInUp&quot;}\" data-widget_type=\"heading.default\">\n\t\t\t\t<div class=\"elementor-widget-container\">\n\t\t\t\t\t<h2 class=\"elementor-heading-title elementor-size-default\">\u00d6ppettider<\/h2>\t\t\t\t<\/div>\n\t\t\t\t<\/div>\n\t\t\t\t<div class=\"elementor-element elementor-element-e1c8524 elementor-invisible elementor-widget elementor-widget-text-editor\" data-id=\"e1c8524\" data-element_type=\"widget\" data-e-type=\"widget\" data-settings=\"{&quot;_animation&quot;:&quot;fadeInRight&quot;}\" data-widget_type=\"text-editor.default\">\n\t\t\t\t<div class=\"elementor-widget-container\">\n\t\t\t\t\t\t\t\t\t<div class=\"col-xs-12 col-sm-6 col-md-6 col-lg-6 address_con\">\n<p>M\u00e5ndag: St\u00e4ngt<\/p>\n<p>Tisdag &#8211; Fredag: 12:00-18:00<\/p>\n<p><br><\/p>\n<\/div>\t\t\t\t\t\t\t\t<\/div>\n\t\t\t\t<\/div>\n\t\t\t\t\t<\/div>\n\t\t<\/div>\n\t\t\t\t\t<\/div>\n\t\t<\/section>\n\t\t\t\t\t<\/div>\n\t\t<\/div>\n\t\t\t\t\t<\/div>\n\t\t<\/section>\n\t\t\t\t<\/div>\n\t\t","protected":false},"excerpt":{"rendered":"<p>Kontakt Olivecronas v\u00e4g 4113 61 Stockholm Sverige+46 &#8211; 707 22 98 20 \u00d6ppettider M\u00e5ndag: St\u00e4ngt Tisdag &#8211; Fredag: 12:00-18:00<\/p>\n","protected":false},"author":1,"featured_media":0,"parent":0,"menu_order":0,"comment_status":"closed","ping_status":"closed","template":"elementor_header_footer","meta":{"footnotes":""},"class_list":["post-1142","page","type-page","status-publish","hentry"],"yoast_head":"<!-- This site is optimized with the Yoast SEO plugin v27.4 - https:\/\/yoast.com\/product\/yoast-seo-wordpress\/ -->\n<title>Kontakt - Hoffmans<\/title>\n<meta name=\"robots\" content=\"index, follow, max-snippet:-1, max-image-preview:large, max-video-preview:-1\" \/>\n<link rel=\"canonical\" href=\"https:\/\/hoffmansantikhandel.se\/sv\/kontakt\/\" \/>\n<meta property=\"og:locale\" content=\"sv_SE\" \/>\n<meta property=\"og:type\" content=\"article\" \/>\n<meta property=\"og:title\" content=\"Kontakt - Hoffmans\" \/>\n<meta property=\"og:description\" content=\"Kontakt Olivecronas v\u00e4g 4113 61 Stockholm Sverige+46 &#8211; 707 22 98 20 \u00d6ppettider M\u00e5ndag: St\u00e4ngt Tisdag &#8211; Fredag: 12:00-18:00\" \/>\n<meta property=\"og:url\" content=\"https:\/\/hoffmansantikhandel.se\/sv\/kontakt\/\" \/>\n<meta property=\"og:site_name\" content=\"Hoffmans\" \/>\n<meta property=\"article:modified_time\" content=\"2025-08-18T11:25:55+00:00\" \/>\n<meta name=\"twitter:card\" content=\"summary_large_image\" \/>\n<meta name=\"twitter:label1\" content=\"Ber\u00e4knad l\u00e4stid\" \/>\n\t<meta name=\"twitter:data1\" content=\"1 minut\" \/>\n<script type=\"application\/ld+json\" class=\"yoast-schema-graph\">{\"@context\":\"https:\\\/\\\/schema.org\",\"@graph\":[{\"@type\":\"WebPage\",\"@id\":\"https:\\\/\\\/hoffmansantikhandel.se\\\/sv\\\/kontakt\\\/\",\"url\":\"https:\\\/\\\/hoffmansantikhandel.se\\\/sv\\\/kontakt\\\/\",\"name\":\"Kontakt - Hoffmans\",\"isPartOf\":{\"@id\":\"https:\\\/\\\/hoffmansantikhandel.se\\\/sv\\\/#website\"},\"datePublished\":\"2022-07-12T19:51:52+00:00\",\"dateModified\":\"2025-08-18T11:25:55+00:00\",\"breadcrumb\":{\"@id\":\"https:\\\/\\\/hoffmansantikhandel.se\\\/sv\\\/kontakt\\\/#breadcrumb\"},\"inLanguage\":\"sv-SE\",\"potentialAction\":[{\"@type\":\"ReadAction\",\"target\":[\"https:\\\/\\\/hoffmansantikhandel.se\\\/sv\\\/kontakt\\\/\"]}]},{\"@type\":\"BreadcrumbList\",\"@id\":\"https:\\\/\\\/hoffmansantikhandel.se\\\/sv\\\/kontakt\\\/#breadcrumb\",\"itemListElement\":[{\"@type\":\"ListItem\",\"position\":1,\"name\":\"Home\",\"item\":\"https:\\\/\\\/hoffmansantikhandel.se\\\/sv\\\/startsida\\\/\"},{\"@type\":\"ListItem\",\"position\":2,\"name\":\"Kontakt\"}]},{\"@type\":\"WebSite\",\"@id\":\"https:\\\/\\\/hoffmansantikhandel.se\\\/sv\\\/#website\",\"url\":\"https:\\\/\\\/hoffmansantikhandel.se\\\/sv\\\/\",\"name\":\"Hoffmans\",\"description\":\"Antikhandel\",\"publisher\":{\"@id\":\"https:\\\/\\\/hoffmansantikhandel.se\\\/sv\\\/#organization\"},\"potentialAction\":[{\"@type\":\"SearchAction\",\"target\":{\"@type\":\"EntryPoint\",\"urlTemplate\":\"https:\\\/\\\/hoffmansantikhandel.se\\\/sv\\\/?s={search_term_string}\"},\"query-input\":{\"@type\":\"PropertyValueSpecification\",\"valueRequired\":true,\"valueName\":\"search_term_string\"}}],\"inLanguage\":\"sv-SE\"},{\"@type\":\"Organization\",\"@id\":\"https:\\\/\\\/hoffmansantikhandel.se\\\/sv\\\/#organization\",\"name\":\"Hoffmans Antikhandel\",\"url\":\"https:\\\/\\\/hoffmansantikhandel.se\\\/sv\\\/\",\"logo\":{\"@type\":\"ImageObject\",\"inLanguage\":\"sv-SE\",\"@id\":\"https:\\\/\\\/hoffmansantikhandel.se\\\/sv\\\/#\\\/schema\\\/logo\\\/image\\\/\",\"url\":\"https:\\\/\\\/hoffmansantikhandel.se\\\/wp-content\\\/uploads\\\/2022\\\/06\\\/hoffmans.svg\",\"contentUrl\":\"https:\\\/\\\/hoffmansantikhandel.se\\\/wp-content\\\/uploads\\\/2022\\\/06\\\/hoffmans.svg\",\"width\":753.5,\"height\":82.5,\"caption\":\"Hoffmans Antikhandel\"},\"image\":{\"@id\":\"https:\\\/\\\/hoffmansantikhandel.se\\\/sv\\\/#\\\/schema\\\/logo\\\/image\\\/\"}}]}<\/script>\n<!-- \/ Yoast SEO plugin. -->","yoast_head_json":{"title":"Kontakt - Hoffmans","robots":{"index":"index","follow":"follow","max-snippet":"max-snippet:-1","max-image-preview":"max-image-preview:large","max-video-preview":"max-video-preview:-1"},"canonical":"https:\/\/hoffmansantikhandel.se\/sv\/kontakt\/","og_locale":"sv_SE","og_type":"article","og_title":"Kontakt - Hoffmans","og_description":"Kontakt Olivecronas v\u00e4g 4113 61 Stockholm Sverige+46 &#8211; 707 22 98 20 \u00d6ppettider M\u00e5ndag: St\u00e4ngt Tisdag &#8211; Fredag: 12:00-18:00","og_url":"https:\/\/hoffmansantikhandel.se\/sv\/kontakt\/","og_site_name":"Hoffmans","article_modified_time":"2025-08-18T11:25:55+00:00","twitter_card":"summary_large_image","twitter_misc":{"Ber\u00e4knad l\u00e4stid":"1 minut"},"schema":{"@context":"https:\/\/schema.org","@graph":[{"@type":"WebPage","@id":"https:\/\/hoffmansantikhandel.se\/sv\/kontakt\/","url":"https:\/\/hoffmansantikhandel.se\/sv\/kontakt\/","name":"Kontakt - Hoffmans","isPartOf":{"@id":"https:\/\/hoffmansantikhandel.se\/sv\/#website"},"datePublished":"2022-07-12T19:51:52+00:00","dateModified":"2025-08-18T11:25:55+00:00","breadcrumb":{"@id":"https:\/\/hoffmansantikhandel.se\/sv\/kontakt\/#breadcrumb"},"inLanguage":"sv-SE","potentialAction":[{"@type":"ReadAction","target":["https:\/\/hoffmansantikhandel.se\/sv\/kontakt\/"]}]},{"@type":"BreadcrumbList","@id":"https:\/\/hoffmansantikhandel.se\/sv\/kontakt\/#breadcrumb","itemListElement":[{"@type":"ListItem","position":1,"name":"Home","item":"https:\/\/hoffmansantikhandel.se\/sv\/startsida\/"},{"@type":"ListItem","position":2,"name":"Kontakt"}]},{"@type":"WebSite","@id":"https:\/\/hoffmansantikhandel.se\/sv\/#website","url":"https:\/\/hoffmansantikhandel.se\/sv\/","name":"Hoffmans","description":"Antikhandel","publisher":{"@id":"https:\/\/hoffmansantikhandel.se\/sv\/#organization"},"potentialAction":[{"@type":"SearchAction","target":{"@type":"EntryPoint","urlTemplate":"https:\/\/hoffmansantikhandel.se\/sv\/?s={search_term_string}"},"query-input":{"@type":"PropertyValueSpecification","valueRequired":true,"valueName":"search_term_string"}}],"inLanguage":"sv-SE"},{"@type":"Organization","@id":"https:\/\/hoffmansantikhandel.se\/sv\/#organization","name":"Hoffmans Antikhandel","url":"https:\/\/hoffmansantikhandel.se\/sv\/","logo":{"@type":"ImageObject","inLanguage":"sv-SE","@id":"https:\/\/hoffmansantikhandel.se\/sv\/#\/schema\/logo\/image\/","url":"https:\/\/hoffmansantikhandel.se\/wp-content\/uploads\/2022\/06\/hoffmans.svg","contentUrl":"https:\/\/hoffmansantikhandel.se\/wp-content\/uploads\/2022\/06\/hoffmans.svg","width":753.5,"height":82.5,"caption":"Hoffmans Antikhandel"},"image":{"@id":"https:\/\/hoffmansantikhandel.se\/sv\/#\/schema\/logo\/image\/"}}]}},"_links":{"self":[{"href":"https:\/\/hoffmansantikhandel.se\/sv\/wp-json\/wp\/v2\/pages\/1142","targetHints":{"allow":["GET"]}}],"collection":[{"href":"https:\/\/hoffmansantikhandel.se\/sv\/wp-json\/wp\/v2\/pages"}],"about":[{"href":"https:\/\/hoffmansantikhandel.se\/sv\/wp-json\/wp\/v2\/types\/page"}],"author":[{"embeddable":true,"href":"https:\/\/hoffmansantikhandel.se\/sv\/wp-json\/wp\/v2\/users\/1"}],"replies":[{"embeddable":true,"href":"https:\/\/hoffmansantikhandel.se\/sv\/wp-json\/wp\/v2\/comments?post=1142"}],"version-history":[{"count":6,"href":"https:\/\/hoffmansantikhandel.se\/sv\/wp-json\/wp\/v2\/pages\/1142\/revisions"}],"predecessor-version":[{"id":2766,"href":"https:\/\/hoffmansantikhandel.se\/sv\/wp-json\/wp\/v2\/pages\/1142\/revisions\/2766"}],"wp:attachment":[{"href":"https:\/\/hoffmansantikhandel.se\/sv\/wp-json\/wp\/v2\/media?parent=1142"}],"curies":[{"name":"wp","href":"https:\/\/api.w.org\/{rel}","templated":true}]}}